{"id":2,"date":"2026-01-28T09:26:58","date_gmt":"2026-01-28T14:26:58","guid":{"rendered":"https:\/\/ventas.inversionesquitasuenos.com.co\/?page_id=2"},"modified":"2026-01-28T10:40:55","modified_gmt":"2026-01-28T15:40:55","slug":"pagina-ejemplo","status":"publish","type":"page","link":"https:\/\/ventas.inversionesquitasuenos.com.co\/","title":{"rendered":"INICIO"},"content":{"rendered":"\t\t<div data-elementor-type=\"wp-page\" data-elementor-id=\"2\" class=\"elementor elementor-2\">\n\t\t\t\t<div class=\"elementor-element elementor-element-4b3339f e-con-full e-flex e-con e-parent\" data-id=\"4b3339f\" data-element_type=\"container\">\n\t\t<div class=\"elementor-element elementor-element-2cbde9c e-con-full e-flex e-con e-child\" data-id=\"2cbde9c\" data-element_type=\"container\">\n\t\t\t\t<div class=\"elementor-element elementor-element-79d31be elementor-widget elementor-widget-image\" data-id=\"79d31be\" data-element_type=\"widget\" data-widget_type=\"image.default\">\n\t\t\t\t\t\t\t\t\t\t\t\t\t\t\t<img fetchpriority=\"high\" decoding=\"async\" width=\"512\" height=\"512\" src=\"https:\/\/ventas.inversionesquitasuenos.com.co\/wp-content\/uploads\/2026\/01\/cropped-INVESIONES-QUITASUENO-TARJETA.png\" class=\"attachment-large size-large wp-image-8\" alt=\"\" srcset=\"https:\/\/ventas.inversionesquitasuenos.com.co\/wp-content\/uploads\/2026\/01\/cropped-INVESIONES-QUITASUENO-TARJETA.png 512w, https:\/\/ventas.inversionesquitasuenos.com.co\/wp-content\/uploads\/2026\/01\/cropped-INVESIONES-QUITASUENO-TARJETA-300x300.png 300w, https:\/\/ventas.inversionesquitasuenos.com.co\/wp-content\/uploads\/2026\/01\/cropped-INVESIONES-QUITASUENO-TARJETA-150x150.png 150w, https:\/\/ventas.inversionesquitasuenos.com.co\/wp-content\/uploads\/2026\/01\/cropped-INVESIONES-QUITASUENO-TARJETA-270x270.png 270w, https:\/\/ventas.inversionesquitasuenos.com.co\/wp-content\/uploads\/2026\/01\/cropped-INVESIONES-QUITASUENO-TARJETA-192x192.png 192w, https:\/\/ventas.inversionesquitasuenos.com.co\/wp-content\/uploads\/2026\/01\/cropped-INVESIONES-QUITASUENO-TARJETA-180x180.png 180w, https:\/\/ventas.inversionesquitasuenos.com.co\/wp-content\/uploads\/2026\/01\/cropped-INVESIONES-QUITASUENO-TARJETA-32x32.png 32w\" sizes=\"(max-width: 512px) 100vw, 512px\" \/>\t\t\t\t\t\t\t\t\t\t\t\t\t\t\t<\/div>\n\t\t\t\t<\/div>\n\t\t<div class=\"elementor-element elementor-element-7d098ae e-con-full e-flex e-con e-child\" data-id=\"7d098ae\" data-element_type=\"container\">\n\t\t<div class=\"elementor-element elementor-element-a1bde07 e-con-full e-flex e-con e-child\" data-id=\"a1bde07\" data-element_type=\"container\">\n\t\t\t\t<div class=\"elementor-element elementor-element-d18e3ba elementor-widget elementor-widget-heading\" data-id=\"d18e3ba\" data-element_type=\"widget\" data-widget_type=\"heading.default\">\n\t\t\t\t\t<h2 class=\"elementor-heading-title elementor-size-default\">AESOR\u00cdA COMERCIAL<\/h2>\t\t\t\t<\/div>\n\t\t\t\t<\/div>\n\t\t\t\t<div class=\"elementor-element elementor-element-c598ca5 elementor-widget elementor-widget-image\" data-id=\"c598ca5\" data-element_type=\"widget\" data-widget_type=\"image.default\">\n\t\t\t\t\t\t\t\t\t\t\t\t\t\t\t<img decoding=\"async\" width=\"800\" height=\"120\" src=\"https:\/\/ventas.inversionesquitasuenos.com.co\/wp-content\/uploads\/2026\/01\/WhtsApp-Recuperado.png\" class=\"attachment-large size-large wp-image-20\" alt=\"\" srcset=\"https:\/\/ventas.inversionesquitasuenos.com.co\/wp-content\/uploads\/2026\/01\/WhtsApp-Recuperado.png 800w, https:\/\/ventas.inversionesquitasuenos.com.co\/wp-content\/uploads\/2026\/01\/WhtsApp-Recuperado-300x45.png 300w, https:\/\/ventas.inversionesquitasuenos.com.co\/wp-content\/uploads\/2026\/01\/WhtsApp-Recuperado-768x115.png 768w\" sizes=\"(max-width: 800px) 100vw, 800px\" \/>\t\t\t\t\t\t\t\t\t\t\t\t\t\t\t<\/div>\n\t\t\t\t<div class=\"elementor-element elementor-element-ef17424 elementor-align-center elementor-widget elementor-widget-button\" data-id=\"ef17424\" data-element_type=\"widget\" data-widget_type=\"button.default\">\n\t\t\t\t\t\t\t\t\t\t<a class=\"elementor-button elementor-button-link elementor-size-sm\" href=\"https:\/\/inversionesquitasuenos.com.co\/wp-content\/uploads\/2025\/11\/Brochure.pdf\">\n\t\t\t\t\t\t<span class=\"elementor-button-content-wrapper\">\n\t\t\t\t\t\t\t\t\t<span class=\"elementor-button-text\">Cat\u00e1logo de Servicios<\/span>\n\t\t\t\t\t<\/span>\n\t\t\t\t\t<\/a>\n\t\t\t\t\t\t\t\t<\/div>\n\t\t<div class=\"elementor-element elementor-element-30e7689 e-grid e-con-full e-con e-child\" data-id=\"30e7689\" data-element_type=\"container\">\n\t\t\t\t<div class=\"elementor-element elementor-element-c7c1ddc elementor-widget elementor-widget-image\" data-id=\"c7c1ddc\" data-element_type=\"widget\" data-widget_type=\"image.default\">\n\t\t\t\t\t\t\t\t\t\t\t\t\t\t\t<img decoding=\"async\" width=\"512\" height=\"512\" src=\"https:\/\/ventas.inversionesquitasuenos.com.co\/wp-content\/uploads\/2026\/01\/whatsapp-1-2.png\" class=\"attachment-large size-large wp-image-33\" alt=\"\" srcset=\"https:\/\/ventas.inversionesquitasuenos.com.co\/wp-content\/uploads\/2026\/01\/whatsapp-1-2.png 512w, https:\/\/ventas.inversionesquitasuenos.com.co\/wp-content\/uploads\/2026\/01\/whatsapp-1-2-300x300.png 300w, https:\/\/ventas.inversionesquitasuenos.com.co\/wp-content\/uploads\/2026\/01\/whatsapp-1-2-150x150.png 150w\" sizes=\"(max-width: 512px) 100vw, 512px\" \/>\t\t\t\t\t\t\t\t\t\t\t\t\t\t\t<\/div>\n\t\t\t\t<div class=\"elementor-element elementor-element-451022c elementor-widget elementor-widget-image\" data-id=\"451022c\" data-element_type=\"widget\" data-widget_type=\"image.default\">\n\t\t\t\t\t\t\t\t\t\t\t\t\t\t\t\t<a href=\"https:\/\/inversionesquitasuenos.com.co\/\">\n\t\t\t\t\t\t\t<img loading=\"lazy\" decoding=\"async\" width=\"512\" height=\"512\" src=\"https:\/\/ventas.inversionesquitasuenos.com.co\/wp-content\/uploads\/2026\/01\/web-890-1.png\" class=\"attachment-large size-large wp-image-31\" alt=\"\" srcset=\"https:\/\/ventas.inversionesquitasuenos.com.co\/wp-content\/uploads\/2026\/01\/web-890-1.png 512w, https:\/\/ventas.inversionesquitasuenos.com.co\/wp-content\/uploads\/2026\/01\/web-890-1-300x300.png 300w, https:\/\/ventas.inversionesquitasuenos.com.co\/wp-content\/uploads\/2026\/01\/web-890-1-150x150.png 150w\" sizes=\"(max-width: 512px) 100vw, 512px\" \/>\t\t\t\t\t\t\t\t<\/a>\n\t\t\t\t\t\t\t\t\t\t\t\t\t\t\t<\/div>\n\t\t\t\t<div class=\"elementor-element elementor-element-de22c7d elementor-widget elementor-widget-image\" data-id=\"de22c7d\" data-element_type=\"widget\" data-widget_type=\"image.default\">\n\t\t\t\t\t\t\t\t\t\t\t\t\t\t\t<img loading=\"lazy\" decoding=\"async\" width=\"512\" height=\"512\" src=\"https:\/\/ventas.inversionesquitasuenos.com.co\/wp-content\/uploads\/2026\/01\/maail-1.png\" class=\"attachment-large size-large wp-image-32\" alt=\"\" srcset=\"https:\/\/ventas.inversionesquitasuenos.com.co\/wp-content\/uploads\/2026\/01\/maail-1.png 512w, https:\/\/ventas.inversionesquitasuenos.com.co\/wp-content\/uploads\/2026\/01\/maail-1-300x300.png 300w, https:\/\/ventas.inversionesquitasuenos.com.co\/wp-content\/uploads\/2026\/01\/maail-1-150x150.png 150w\" sizes=\"(max-width: 512px) 100vw, 512px\" \/>\t\t\t\t\t\t\t\t\t\t\t\t\t\t\t<\/div>\n\t\t\t\t<div class=\"elementor-element elementor-element-4317cba elementor-widget elementor-widget-image\" data-id=\"4317cba\" data-element_type=\"widget\" data-widget_type=\"image.default\">\n\t\t\t\t\t\t\t\t\t\t\t\t\t\t\t\t<a href=\"https:\/\/api.whatsapp.com\/send?text=https:\/\/ventas.inversionesquitasuenos.com.co\/\">\n\t\t\t\t\t\t\t<img loading=\"lazy\" decoding=\"async\" width=\"512\" height=\"512\" src=\"https:\/\/ventas.inversionesquitasuenos.com.co\/wp-content\/uploads\/2026\/01\/comprtir-1.png\" class=\"attachment-large size-large wp-image-30\" alt=\"\" srcset=\"https:\/\/ventas.inversionesquitasuenos.com.co\/wp-content\/uploads\/2026\/01\/comprtir-1.png 512w, https:\/\/ventas.inversionesquitasuenos.com.co\/wp-content\/uploads\/2026\/01\/comprtir-1-300x300.png 300w, https:\/\/ventas.inversionesquitasuenos.com.co\/wp-content\/uploads\/2026\/01\/comprtir-1-150x150.png 150w\" sizes=\"(max-width: 512px) 100vw, 512px\" \/>\t\t\t\t\t\t\t\t<\/a>\n\t\t\t\t\t\t\t\t\t\t\t\t\t\t\t<\/div>\n\t\t\t\t<\/div>\n\t\t\t\t<\/div>\n\t\t\t\t<\/div>\n\t\t<div class=\"elementor-element elementor-element-8aaede1 e-flex e-con-boxed e-con e-parent\" data-id=\"8aaede1\" data-element_type=\"container\">\n\t\t\t\t\t<div class=\"e-con-inner\">\n\t\t<div class=\"elementor-element elementor-element-3815448 e-con-full e-flex e-con e-child\" data-id=\"3815448\" data-element_type=\"container\">\n\t\t\t\t<div class=\"elementor-element elementor-element-c9d5cee elementor-widget__width-initial elementor-widget elementor-widget-image\" data-id=\"c9d5cee\" data-element_type=\"widget\" data-widget_type=\"image.default\">\n\t\t\t\t\t\t\t\t\t\t\t\t\t\t\t<img loading=\"lazy\" decoding=\"async\" width=\"298\" height=\"300\" src=\"https:\/\/ventas.inversionesquitasuenos.com.co\/wp-content\/uploads\/2026\/01\/qr-ventas-invesiones-quitasuenos-298x300.png\" class=\"attachment-medium size-medium wp-image-37\" alt=\"\" srcset=\"https:\/\/ventas.inversionesquitasuenos.com.co\/wp-content\/uploads\/2026\/01\/qr-ventas-invesiones-quitasuenos-298x300.png 298w, https:\/\/ventas.inversionesquitasuenos.com.co\/wp-content\/uploads\/2026\/01\/qr-ventas-invesiones-quitasuenos-150x150.png 150w, https:\/\/ventas.inversionesquitasuenos.com.co\/wp-content\/uploads\/2026\/01\/qr-ventas-invesiones-quitasuenos.png 600w\" sizes=\"(max-width: 298px) 100vw, 298px\" \/>\t\t\t\t\t\t\t\t\t\t\t\t\t\t\t<\/div>\n\t\t\t\t<\/div>\n\t\t<div class=\"elementor-element elementor-element-d8e4b98 e-con-full e-flex e-con e-child\" data-id=\"d8e4b98\" data-element_type=\"container\">\n\t\t\t\t<div class=\"elementor-element elementor-element-c49f9ad elementor-widget__width-initial elementor-widget elementor-widget-html\" data-id=\"c49f9ad\" data-element_type=\"widget\" data-widget_type=\"html.default\">\n\t\t\t\t\t<!DOCTYPE html>\r\n<html lang=\"es\">\r\n<head>\r\n    <meta charset=\"UTF-8\">\r\n    <meta name=\"viewport\" content=\"width=device-width, initial-scale=1.0\">\r\n   \r\n    <style>\r\n        body {\r\n            font-family: Arial, sans-serif;\r\n            display: flex;\r\n            justify-content: center;\r\n            align-items: center;\r\n            min-height: 100vh;\r\n            background-color: #f4f4f4;\r\n            margin: 0;\r\n        }\r\n        .whatsapp-container {\r\n            background-color: #fff;\r\n            padding: 30px;\r\n            border-radius: 8px;\r\n            box-shadow: 0 2px 10px rgba(0, 0, 0, 0.1);\r\n            text-align: center;\r\n        }\r\n        .whatsapp-container h2 {\r\n            color: #333;\r\n            margin-bottom: 20px;\r\n        }\r\n        .input-group {\r\n            margin-bottom: 20px;\r\n            display: flex;\r\n            align-items: center;\r\n            justify-content: center;\r\n            gap: 10px; \/* Espacio entre el input y el bot\u00f3n *\/\r\n        }\r\n        .input-group label {\r\n            display: block;\r\n            margin-bottom: 5px;\r\n            color: #555;\r\n            font-weight: bold;\r\n        }\r\n        .input-group input[type=\"text\"] {\r\n            padding: 10px;\r\n            border: 1px solid #ddd;\r\n            border-radius: 4px;\r\n            font-size: 16px;\r\n            width: 250px;\r\n            max-width: 100%;\r\n        }\r\n        .input-group button {\r\n            background-color: #25d366; \/* Color de WhatsApp *\/\r\n            color: white;\r\n            padding: 10px 20px;\r\n            border: none;\r\n            border-radius: 4px;\r\n            cursor: pointer;\r\n            font-size: 16px;\r\n            transition: background-color 0.3s ease;\r\n        }\r\n        .input-group button:hover {\r\n            background-color: #1da851;\r\n        }\r\n        .info-text {\r\n            font-size: 14px;\r\n            color: #777;\r\n            margin-top: 15px;\r\n        }\r\n    <\/style>\r\n<\/head>\r\n<body>\r\n\r\n    <div class=\"whatsapp-container\">\r\n        <h2>Enviar Saludo por WhatsApp<\/h2>\r\n        <div class=\"input-group\">\r\n            <input type=\"text\" id=\"whatsappNumber\" placeholder=\"N\u00famero de WhatsApp (ej: 573118744110)\">\r\n            <button onclick=\"enviarWhatsApp()\">Enviar<\/button>\r\n        <\/div>\r\n        <p class=\"info-text\">\r\n                        <br>\r\n                  <\/p>\r\n    <\/div>\r\n\r\n    <script>\r\n        function enviarWhatsApp() {\r\n            const numero = document.getElementById('whatsappNumber').value.trim();\r\n\r\n            \/\/ Validar si el n\u00famero no est\u00e1 vac\u00edo\r\n            if (numero === \"\") {\r\n                alert(\"Por favor, introduce un n\u00famero de WhatsApp.\");\r\n                return;\r\n            }\r\n\r\n            \/\/ Define tu nombre y la URL de tu tarjeta\r\n            const miNombre = \"Asesor\u00eda: Inversiones Quitasue\u00f1os\"; \/\/ \u00a1CAMBIA ESTO CON TU NOMBRE!\r\n            const miURL = \"ventas.inversionesquitasuenos.com.co\"; \/\/ \u00a1CAMBIA ESTO CON LA URL DE TU TARJETA!\r\n\r\n            \/\/ Codifica el mensaje para que sea seguro en la URL\r\n            const mensaje = encodeURIComponent(`Hola, Soy ${miNombre}. Te invito a descargar mi tarjeta  en la URL: ${miURL}`);\r\n\r\n            \/\/ Construye la URL de WhatsApp\r\n            \/\/ Formato: https:\/\/wa.me\/<numero>?text=<mensaje>\r\n            const whatsappURL = `https:\/\/wa.me\/${numero}?text=${mensaje}`;\r\n\r\n            \/\/ Abre la URL de WhatsApp en una nueva pesta\u00f1a\r\n            window.open(whatsappURL, '_blank');\r\n        }\r\n    <\/script>\r\n<\/body>\r\n<\/html>\t\t\t\t<\/div>\n\t\t\t\t<\/div>\n\t\t\t\t\t<\/div>\n\t\t\t\t<\/div>\n\t\t\t\t<\/div>\n\t\t","protected":false},"excerpt":{"rendered":"<p>AESOR\u00cdA COMERCIAL Cat\u00e1logo de Servicios Enviar Saludo por WhatsApp Enviar<\/p>\n","protected":false},"author":1,"featured_media":0,"parent":0,"menu_order":0,"comment_status":"closed","ping_status":"open","template":"elementor_header_footer","meta":{"footnotes":""},"class_list":["post-2","page","type-page","status-publish","hentry"],"_links":{"self":[{"href":"https:\/\/ventas.inversionesquitasuenos.com.co\/index.php\/wp-json\/wp\/v2\/pages\/2","targetHints":{"allow":["GET"]}}],"collection":[{"href":"https:\/\/ventas.inversionesquitasuenos.com.co\/index.php\/wp-json\/wp\/v2\/pages"}],"about":[{"href":"https:\/\/ventas.inversionesquitasuenos.com.co\/index.php\/wp-json\/wp\/v2\/types\/page"}],"author":[{"embeddable":true,"href":"https:\/\/ventas.inversionesquitasuenos.com.co\/index.php\/wp-json\/wp\/v2\/users\/1"}],"replies":[{"embeddable":true,"href":"https:\/\/ventas.inversionesquitasuenos.com.co\/index.php\/wp-json\/wp\/v2\/comments?post=2"}],"version-history":[{"count":52,"href":"https:\/\/ventas.inversionesquitasuenos.com.co\/index.php\/wp-json\/wp\/v2\/pages\/2\/revisions"}],"predecessor-version":[{"id":71,"href":"https:\/\/ventas.inversionesquitasuenos.com.co\/index.php\/wp-json\/wp\/v2\/pages\/2\/revisions\/71"}],"wp:attachment":[{"href":"https:\/\/ventas.inversionesquitasuenos.com.co\/index.php\/wp-json\/wp\/v2\/media?parent=2"}],"curies":[{"name":"wp","href":"https:\/\/api.w.org\/{rel}","templated":true}]}}